
{"id":87,"date":"2014-03-03T09:18:07","date_gmt":"2014-03-03T08:18:07","guid":{"rendered":"http:\/\/suchdol-nad-odrou.knihovna.info\/?page_id=87"},"modified":"2017-01-10T10:34:31","modified_gmt":"2017-01-10T09:34:31","slug":"on-line-katalog","status":"publish","type":"page","link":"https:\/\/suchdol-nad-odrou.knihovna.info\/?page_id=87","title":{"rendered":"On-line katalog"},"content":{"rendered":"<p>Postup vyhled\u00e1v\u00e1n\u00ed knih v katalogu knihovny pro v\u0161echny, kdo maj\u00ed p\u0159\u00edstup k internetu:<\/p>\n<p>1.\u00a0\u00a0Klikn\u011bte na odkaz\u00a0\u00a0\u00a0 &#8211;\u00a0\u00a0\u00a0\u00a0<a href=\"http:\/\/217.196.215.218:8070\/katalog\/\" target=\"_blank\">ON-LINE KATALOG<\/a><br \/>\n2.\u00a0\u00a0Zvol\u00edte krit\u00e9rium, podle kter\u00e9ho chcete knihu vyhledat. M\u00e1te tyto mo\u017enosti:<br \/>\na) podle autora knihy (nap\u0159. N\u011bmcov\u00e1),<br \/>\nb) podle n\u00e1zvu knihy (nap\u0159. Hypnotiz\u00e9r),<br \/>\nc) podle t\u00e9matu (nap\u0159. ischias, detektivky, historick\u00e9 rom\u00e1ny).<br \/>\nPokud knihu v katalogu najdete a zjist\u00edte, \u017ee je v danou chv\u00edli k zap\u016fj\u010den\u00ed, p\u0159ijdete si ji p\u016fj\u010dit.<\/p>\n<p>Pokud je p\u016fj\u010dena m\u016f\u017eete si knihu objednat:<br \/>\na) rezervovat na:\u00a0\u00a0 Va\u0161e \u010dten\u00e1\u0159sk\u00e9 konto<br \/>\n&#8211;\u00a0 \u010d\u00edslo\u00a0 Va\u0161\u00ed pr\u016fkazky\u00a0 +\u00a0 PIN\u00a0 (datum narozen\u00ed &#8211; rok,m\u011bs\u00edc,den)<br \/>\nb) e-mailem:\u00a0\u00a0 <a href=\"mailto:knihovna@suchdol-nad-odrou.cz\">knihovna@suchdol-nad-odrou.cz<\/a><\/p>\n","protected":false},"excerpt":{"rendered":"<p>Postup vyhled\u00e1v\u00e1n\u00ed knih v katalogu knihovny pro v\u0161echny, kdo maj\u00ed p\u0159\u00edstup k internetu: 1.\u00a0\u00a0Klikn\u011bte na odkaz\u00a0\u00a0\u00a0 &#8211;\u00a0\u00a0\u00a0\u00a0ON-LINE KATALOG 2.\u00a0\u00a0Zvol\u00edte krit\u00e9rium, podle kter\u00e9ho chcete knihu vyhledat. M\u00e1te tyto mo\u017enosti: a) podle autora knihy (nap\u0159. N\u011bmcov\u00e1), b) podle n\u00e1zvu knihy (nap\u0159. Hypnotiz\u00e9r), &hellip; <a href=\"https:\/\/suchdol-nad-odrou.knihovna.info\/?page_id=87\">Cel\u00fd p\u0159\u00edsp\u011bvek <span class=\"meta-nav\">&rarr;<\/span><\/a><\/p>\n","protected":false},"author":1,"featured_media":0,"parent":0,"menu_order":5,"comment_status":"closed","ping_status":"open","template":"","meta":{"footnotes":""},"class_list":["post-87","page","type-page","status-publish","hentry"],"_links":{"self":[{"href":"https:\/\/suchdol-nad-odrou.knihovna.info\/index.php?rest_route=\/wp\/v2\/pages\/87","targetHints":{"allow":["GET"]}}],"collection":[{"href":"https:\/\/suchdol-nad-odrou.knihovna.info\/index.php?rest_route=\/wp\/v2\/pages"}],"about":[{"href":"https:\/\/suchdol-nad-odrou.knihovna.info\/index.php?rest_route=\/wp\/v2\/types\/page"}],"author":[{"embeddable":true,"href":"https:\/\/suchdol-nad-odrou.knihovna.info\/index.php?rest_route=\/wp\/v2\/users\/1"}],"replies":[{"embeddable":true,"href":"https:\/\/suchdol-nad-odrou.knihovna.info\/index.php?rest_route=%2Fwp%2Fv2%2Fcomments&post=87"}],"version-history":[{"count":9,"href":"https:\/\/suchdol-nad-odrou.knihovna.info\/index.php?rest_route=\/wp\/v2\/pages\/87\/revisions"}],"predecessor-version":[{"id":154,"href":"https:\/\/suchdol-nad-odrou.knihovna.info\/index.php?rest_route=\/wp\/v2\/pages\/87\/revisions\/154"}],"wp:attachment":[{"href":"https:\/\/suchdol-nad-odrou.knihovna.info\/index.php?rest_route=%2Fwp%2Fv2%2Fmedia&parent=87"}],"curies":[{"name":"wp","href":"https:\/\/api.w.org\/{rel}","templated":true}]}}