
{"id":5,"date":"2012-01-10T19:37:16","date_gmt":"2012-01-10T19:37:16","guid":{"rendered":"http:\/\/www.knihovna.info\/xxxx\/?page_id=5"},"modified":"2025-02-24T12:13:35","modified_gmt":"2025-02-24T11:13:35","slug":"kontakt","status":"publish","type":"page","link":"https:\/\/suchdol-nad-odrou.knihovna.info\/?page_id=5","title":{"rendered":"Kontaktn\u00ed adresa"},"content":{"rendered":"<p>Knihovna m\u011bstyse Suchdol nad Odrou<br \/>\nLenka Pe\u0161lov\u00e1, knihovnice<br \/>\nZdenka Ja\u0161kov\u00e1, knihovnice<br \/>\nKomensk\u00e9ho 230<br \/>\n742 01 Suchdol nad Odrou<br \/>\n\u010cesk\u00e1 republika (CZ)<\/p>\n<p>e-mail: <a href=\"mailto:knihovna@suchdol-nad-odrou.cz\">knihovna@suchdol-nad-odrou.cz<\/a><\/p>\n","protected":false},"excerpt":{"rendered":"<p>Knihovna m\u011bstyse Suchdol nad Odrou Lenka Pe\u0161lov\u00e1, knihovnice Zdenka Ja\u0161kov\u00e1, knihovnice Komensk\u00e9ho 230 742 01 Suchdol nad Odrou \u010cesk\u00e1 republika (CZ) e-mail: knihovna@suchdol-nad-odrou.cz<\/p>\n","protected":false},"author":1,"featured_media":0,"parent":0,"menu_order":4,"comment_status":"closed","ping_status":"closed","template":"","meta":{"footnotes":""},"class_list":["post-5","page","type-page","status-publish","hentry"],"_links":{"self":[{"href":"https:\/\/suchdol-nad-odrou.knihovna.info\/index.php?rest_route=\/wp\/v2\/pages\/5","targetHints":{"allow":["GET"]}}],"collection":[{"href":"https:\/\/suchdol-nad-odrou.knihovna.info\/index.php?rest_route=\/wp\/v2\/pages"}],"about":[{"href":"https:\/\/suchdol-nad-odrou.knihovna.info\/index.php?rest_route=\/wp\/v2\/types\/page"}],"author":[{"embeddable":true,"href":"https:\/\/suchdol-nad-odrou.knihovna.info\/index.php?rest_route=\/wp\/v2\/users\/1"}],"replies":[{"embeddable":true,"href":"https:\/\/suchdol-nad-odrou.knihovna.info\/index.php?rest_route=%2Fwp%2Fv2%2Fcomments&post=5"}],"version-history":[{"count":12,"href":"https:\/\/suchdol-nad-odrou.knihovna.info\/index.php?rest_route=\/wp\/v2\/pages\/5\/revisions"}],"predecessor-version":[{"id":157,"href":"https:\/\/suchdol-nad-odrou.knihovna.info\/index.php?rest_route=\/wp\/v2\/pages\/5\/revisions\/157"}],"wp:attachment":[{"href":"https:\/\/suchdol-nad-odrou.knihovna.info\/index.php?rest_route=%2Fwp%2Fv2%2Fmedia&parent=5"}],"curies":[{"name":"wp","href":"https:\/\/api.w.org\/{rel}","templated":true}]}}