
{"id":20,"date":"2012-01-10T19:53:39","date_gmt":"2012-01-10T19:53:39","guid":{"rendered":"http:\/\/suchdol-nad-odrou.knihovna.info\/?page_id=20"},"modified":"2017-01-10T08:08:21","modified_gmt":"2017-01-10T07:08:21","slug":"o-nas","status":"publish","type":"page","link":"https:\/\/suchdol-nad-odrou.knihovna.info\/","title":{"rendered":"O n\u00e1s"},"content":{"rendered":"<h1 style=\"text-align: left;\" align=\"center\">V\u00edtejte na str\u00e1nk\u00e1ch knihovny M\u011bstyse v Suchdole nad Odrou<\/h1>\n<p>P\u016fvodn\u011b tato budova slou\u017eila jako n\u011bmeck\u00e1 zimn\u00ed hospod\u00e1\u0159sk\u00e1 \u0161kola. Od roku 1945 do roku 1985 zde byl prvn\u00ed stupe\u0148 z\u00e1kladn\u00ed \u0161koly.\u00a0 Od roku\u00a0 1985\u00a0 je v t\u00e9to budov\u011b um\u00edst\u011bno muzeum a\u00a0 knihovna.<br \/>\nV horn\u00edm pat\u0159e je um\u00edst\u011bna expozice k historii kulturn\u00edho a spole\u010densk\u00e9ho \u017eivota obce, rozvoji pr\u016fmyslu a zem\u011bd\u011blstv\u00ed a st\u00e1l\u00e1 v\u00fdstava k v\u00fdro\u010d\u00ed elektrifikace obce.<br \/>\nV suter\u00e9nn\u00edch prostorech byla 22. kv\u011btna 2005 otev\u0159ena sekce vojensk\u00e9 historie s bohatou sb\u00edrkou p\u0159edev\u0161\u00edm trojrozm\u011brn\u00fdch expon\u00e1t\u016f, mapuj\u00edc\u00ed vliv I. a II. Sv\u011btov\u00e9 v\u00e1lky na \u017eivot obce.<br \/>\nV roce 2000 byla na\u0161e m\u00edstn\u00ed\u00a0knihovna vybavena dv\u011bma po\u010d\u00edta\u010di, byl zakoupen automatizovan\u00fd knihovn\u00ed syst\u00e9m LANius se z\u00e1kladn\u00edm prvn\u00edm modulem Dopl\u0148ov\u00e1n\u00ed \u00fadaj\u016f, kter\u00fd umo\u017e\u0148uje p\u0159esnou evidenci \u010dten\u00e1\u0159\u016f, p\u016fj\u010dov\u00e1n\u00ed a vracen\u00ed knih, rychl\u00e9 vyhled\u00e1v\u00e1n\u00ed informace o knih\u00e1ch a \u010dten\u00e1\u0159\u00edch.<br \/>\nOd roku 2001 je knihovna napojena na internet a za\u0159adila se mezi prvn\u00ed obecn\u00ed knihovny<br \/>\nv regionu Nov\u00fd Ji\u010d\u00edn,\u00a0 kter\u00e9 mohly sv\u00fdm u\u017eivatel\u016fm nab\u00eddnout dnes ji\u017e nezbytnou slu\u017ebu a t\u00edm je p\u0159\u00edstup na internet.<br \/>\n\u010cten\u00e1\u0159i maj\u00ed k dispozici 7 581 knih (5 694 kr\u00e1sn\u00e1 a 1 987 nau\u010dn\u00e1 literatura) a 1 titul periodik. Zastoupena je literatura jak pro dosp\u011bl\u00e9 tak i d\u011btsk\u00e9 \u010dten\u00e1\u0159e.<br \/>\nV sou\u010dasn\u00e9 dob\u011b jsou v knihovn\u011b napojeny na internet \u010dty\u0159i po\u010d\u00edta\u010de a z\u00e1jemci zde maj\u00ed mo\u017enost vyhledat si dal\u0161\u00ed informace, kter\u00e9 je zaj\u00edmaj\u00ed nebo pot\u0159ebuj\u00ed ke sv\u00e9mu vzd\u011bl\u00e1v\u00e1n\u00ed.<br \/>\nM\u011bstys Suchdol nad Odrou m\u00e1 uzav\u0159enou s M\u011bstsk\u00fdm kulturn\u00edm st\u0159ediskem v Nov\u00e9m Ji\u010d\u00edn\u011b smlouvu o zabezpe\u010den\u00ed n\u00e1kupu, zpracov\u00e1n\u00ed a veden\u00ed knihovn\u00edho fondu po\u0159\u00edzen\u00e9ho z prost\u0159edk\u016f obce (29 000K\u010d). M\u011bstsk\u00e1 knihovna Nov\u00fd Ji\u010d\u00edn, kter\u00e1 je sou\u010d\u00e1st\u00ed M\u011bst KS, poskytuje knihovnick\u00e9 slu\u017eby jako je n\u00e1kup knih a jejich knihovnick\u00e9 zpracov\u00e1n\u00ed v\u010detn\u011b balen\u00ed a zna\u010den\u00ed, a d\u00e1le poskytuje v\u00fdm\u011bnn\u00e9 knihovn\u00ed fondy.<br \/>\nKa\u017ed\u00fdm rokem m\u011bstys uvol\u0148uje na knihy t\u00e9m\u011b\u0159 40 000.- K\u010d.<br \/>\nV\u011b\u0159\u00edm, \u017ee si z na\u0161eho fondu vyberete a str\u00e1v\u00edte tak nad knihou p\u0159\u00edjemn\u00e9 okam\u017eiky.<br \/>\nSt\u00e1l\u00fd kni\u017en\u00ed fond je nav\u00edc dopl\u0148ov\u00e1n ka\u017ed\u00e9 3 m\u011bs\u00edce v\u00fdm\u011bnn\u00fdmi soubory v r\u00e1mci v\u00fdkonu region\u00e1ln\u00edch funkc\u00ed knihovnou Nov\u00fd Ji\u010d\u00edn.<br \/>\nV roce 2010 byl zakoupen nov\u00fd automatizovan\u00fd knihovn\u00ed syst\u00e9m CLAVIUS, kter\u00fd umo\u017enil spustit v roce 2012 ve\u0159ejn\u00fd ON-LINE katalog.<br \/>\nFunkc\u00ed ON-LINE katalogu je vyhled\u00e1v\u00e1n\u00ed ulo\u017een\u00fdch informac\u00ed o knih\u00e1ch i samotn\u00fdmi \u010dten\u00e1\u0159i z pohodl\u00ed va\u0161eho domova. Jeho p\u0159ednost\u00ed je jednoduch\u00e1 metoda zad\u00e1v\u00e1n\u00ed dotaz\u016f.<\/p>\n<p>&nbsp;<\/p>\n","protected":false},"excerpt":{"rendered":"<p>V\u00edtejte na str\u00e1nk\u00e1ch knihovny M\u011bstyse v Suchdole nad Odrou P\u016fvodn\u011b tato budova slou\u017eila jako n\u011bmeck\u00e1 zimn\u00ed hospod\u00e1\u0159sk\u00e1 \u0161kola. Od roku 1945 do roku 1985 zde byl prvn\u00ed stupe\u0148 z\u00e1kladn\u00ed \u0161koly.\u00a0 Od roku\u00a0 1985\u00a0 je v t\u00e9to budov\u011b um\u00edst\u011bno muzeum a\u00a0 &hellip; <a href=\"https:\/\/suchdol-nad-odrou.knihovna.info\/\">Cel\u00fd p\u0159\u00edsp\u011bvek <span class=\"meta-nav\">&rarr;<\/span><\/a><\/p>\n","protected":false},"author":1,"featured_media":0,"parent":0,"menu_order":1,"comment_status":"closed","ping_status":"closed","template":"","meta":{"footnotes":""},"class_list":["post-20","page","type-page","status-publish","hentry"],"_links":{"self":[{"href":"https:\/\/suchdol-nad-odrou.knihovna.info\/index.php?rest_route=\/wp\/v2\/pages\/20","targetHints":{"allow":["GET"]}}],"collection":[{"href":"https:\/\/suchdol-nad-odrou.knihovna.info\/index.php?rest_route=\/wp\/v2\/pages"}],"about":[{"href":"https:\/\/suchdol-nad-odrou.knihovna.info\/index.php?rest_route=\/wp\/v2\/types\/page"}],"author":[{"embeddable":true,"href":"https:\/\/suchdol-nad-odrou.knihovna.info\/index.php?rest_route=\/wp\/v2\/users\/1"}],"replies":[{"embeddable":true,"href":"https:\/\/suchdol-nad-odrou.knihovna.info\/index.php?rest_route=%2Fwp%2Fv2%2Fcomments&post=20"}],"version-history":[{"count":16,"href":"https:\/\/suchdol-nad-odrou.knihovna.info\/index.php?rest_route=\/wp\/v2\/pages\/20\/revisions"}],"predecessor-version":[{"id":150,"href":"https:\/\/suchdol-nad-odrou.knihovna.info\/index.php?rest_route=\/wp\/v2\/pages\/20\/revisions\/150"}],"wp:attachment":[{"href":"https:\/\/suchdol-nad-odrou.knihovna.info\/index.php?rest_route=%2Fwp%2Fv2%2Fmedia&parent=20"}],"curies":[{"name":"wp","href":"https:\/\/api.w.org\/{rel}","templated":true}]}}