
{"id":16,"date":"2012-01-10T19:51:03","date_gmt":"2012-01-10T19:51:03","guid":{"rendered":"http:\/\/suchdol-nad-odrou.knihovna.info\/?page_id=16"},"modified":"2014-10-10T08:54:16","modified_gmt":"2014-10-10T07:54:16","slug":"knihovni-rad","status":"publish","type":"page","link":"https:\/\/suchdol-nad-odrou.knihovna.info\/?page_id=16","title":{"rendered":"Knihovn\u00ed \u0159\u00e1d"},"content":{"rendered":"<p>&nbsp;<\/p>\n<p>Knihovn\u00ed r\u00e1d ve form\u00e1tu *.pdf:\u00a0<a href=\"http:\/\/suchdol-nad-odrou.knihovna.info\/wp-content\/uploads\/2012\/01\/Suchdol-Knihovn\u00ed-\u0159\u00e1d-+-cen\u00edk-2014.pdf\">Knihovn\u00ed \u0159\u00e1d<\/a><\/p>\n","protected":false},"excerpt":{"rendered":"<p>&nbsp; Knihovn\u00ed r\u00e1d ve form\u00e1tu *.pdf:\u00a0Knihovn\u00ed \u0159\u00e1d<\/p>\n","protected":false},"author":1,"featured_media":0,"parent":0,"menu_order":0,"comment_status":"closed","ping_status":"closed","template":"","meta":{"footnotes":""},"class_list":["post-16","page","type-page","status-publish","hentry"],"_links":{"self":[{"href":"https:\/\/suchdol-nad-odrou.knihovna.info\/index.php?rest_route=\/wp\/v2\/pages\/16","targetHints":{"allow":["GET"]}}],"collection":[{"href":"https:\/\/suchdol-nad-odrou.knihovna.info\/index.php?rest_route=\/wp\/v2\/pages"}],"about":[{"href":"https:\/\/suchdol-nad-odrou.knihovna.info\/index.php?rest_route=\/wp\/v2\/types\/page"}],"author":[{"embeddable":true,"href":"https:\/\/suchdol-nad-odrou.knihovna.info\/index.php?rest_route=\/wp\/v2\/users\/1"}],"replies":[{"embeddable":true,"href":"https:\/\/suchdol-nad-odrou.knihovna.info\/index.php?rest_route=%2Fwp%2Fv2%2Fcomments&post=16"}],"version-history":[{"count":6,"href":"https:\/\/suchdol-nad-odrou.knihovna.info\/index.php?rest_route=\/wp\/v2\/pages\/16\/revisions"}],"predecessor-version":[{"id":18,"href":"https:\/\/suchdol-nad-odrou.knihovna.info\/index.php?rest_route=\/wp\/v2\/pages\/16\/revisions\/18"}],"wp:attachment":[{"href":"https:\/\/suchdol-nad-odrou.knihovna.info\/index.php?rest_route=%2Fwp%2Fv2%2Fmedia&parent=16"}],"curies":[{"name":"wp","href":"https:\/\/api.w.org\/{rel}","templated":true}]}}