
{"id":12,"date":"2012-01-10T19:48:07","date_gmt":"2012-01-10T19:48:07","guid":{"rendered":"http:\/\/suchdol-nad-odrou.knihovna.info\/?page_id=12"},"modified":"2014-10-10T09:25:00","modified_gmt":"2014-10-10T08:25:00","slug":"cenik","status":"publish","type":"page","link":"https:\/\/suchdol-nad-odrou.knihovna.info\/?page_id=12","title":{"rendered":"Cen\u00edk"},"content":{"rendered":"<h2>Ro\u010dn\u00ed registra\u010dn\u00ed poplatek<\/h2>\n<p>D\u011bti a ml\u00e1de\u017e do 15 let 20,-<br \/>\nDosp\u011bl\u00ed 50,-<\/p>\n<h2>Upom\u00ednky<\/h2>\n<p>1. upom\u00ednka &#8211; p\u0159ekro\u010den\u00ed v\u00fdp\u016fj\u010dky o 1 t\u00fdden &#8211; 10,- K\u010d<br \/>\n2. upom\u00ednka &#8211; p\u0159ekro\u010den\u00ed v\u00fdp\u016fj\u010dky o 2 t\u00fddny &#8211; 20,-\u00a0K\u010d<br \/>\n3. upom\u00ednka &#8211; p\u0159ekro\u010den\u00ed v\u00fdp\u016fj\u010dky o 3 t\u00fddny &#8211; 30,-\u00a0K\u010d<br \/>\n4. upom\u00ednka &#8211; p\u0159ekro\u010den\u00ed v\u00fdp\u016fj\u010dky o 4 t\u00fddny &#8211; 40,-\u00a0K\u010d<br \/>\n5. upom\u00ednka &#8211; p\u0159ekro\u010den\u00ed v\u00fdp\u016fj\u010dky o 5 &#8211; 6 t\u00fddn\u016f &#8211; doporu\u010den\u00fd dopis + 100,-\u00a0K\u010d<\/p>\n<h2>Po\u0161kozen\u00ed kni\u017en\u00edho titulu nebo ztr\u00e1ta<\/h2>\n<p>Stejn\u00fd v\u00fdtisk t\u00e9ho\u017e d\u00edla + 15.- K\u010d za \u010d\u00e1rov\u00fd k\u00f3d<br \/>\nPln\u00e1 cena knihy + 60.- K\u010d za nov\u00e9 zpracov\u00e1n\u00ed<br \/>\nPo\u0159\u00edzen\u00ed v\u00e1zan\u00e9 kopie + 15.- K\u010d za \u010d\u00e1rov\u00fd k\u00f3d<\/p>\n<h2>Po\u0161kozen\u00ed\u00a0<span style=\"color: #000000; font-style: normal; font-weight: bold; line-height: 24.375px;\">nebo ztr\u00e1ta\u00a0<\/span><span style=\"color: #000000; font-weight: bold;\">\u010dasopisu, bro\u017eury<\/span><\/h2>\n<p>Stejn\u00fd \u010dasopis + 10.- K\u010d za \u010d\u00e1rov\u00fd k\u00f3d<br \/>\nPln\u00e1 cena \u010dasopisu + 10.- K\u010d za \u010d\u00e1rov\u00fd k\u00f3d<\/p>\n<h2>Ostatn\u00ed poplatky<\/h2>\n<p>Po\u0161kozen\u00ed \u010d\u00e1rov\u00e9ho k\u00f3du &#8211; 10.- K\u010d<br \/>\nVystaven\u00ed nov\u00e9ho pr\u016fkazu (po\u0161kozen\u00ed nebo ztr\u00e1ta) &#8211; 10,- K\u010d<br \/>\nPoplatek za pou\u017eit\u00ed PC &#8211; za ka\u017edou zapo\u010datou hodinu &#8211; 10,- K\u010d<\/p>\n<h2>Kop\u00edrov\u00e1n\u00ed, skenov\u00e1n\u00ed, tisk<\/h2>\n<p>A4 jednostrann\u011b \u010dernob\u00edl\u00fd text &#8211; 2,- K\u010d<br \/>\nA4 oboustrann\u011b \u010dernob\u00edl\u00fd text &#8211; 3,- K\u010d<br \/>\nA4 barevn\u00fd obr\u00e1zek &#8211; 6,- K\u010d<\/p>\n","protected":false},"excerpt":{"rendered":"<p>Ro\u010dn\u00ed registra\u010dn\u00ed poplatek D\u011bti a ml\u00e1de\u017e do 15 let 20,- Dosp\u011bl\u00ed 50,- Upom\u00ednky 1. upom\u00ednka &#8211; p\u0159ekro\u010den\u00ed v\u00fdp\u016fj\u010dky o 1 t\u00fdden &#8211; 10,- K\u010d 2. upom\u00ednka &#8211; p\u0159ekro\u010den\u00ed v\u00fdp\u016fj\u010dky o 2 t\u00fddny &#8211; 20,-\u00a0K\u010d 3. upom\u00ednka &#8211; p\u0159ekro\u010den\u00ed v\u00fdp\u016fj\u010dky o &hellip; <a href=\"https:\/\/suchdol-nad-odrou.knihovna.info\/?page_id=12\">Cel\u00fd p\u0159\u00edsp\u011bvek <span class=\"meta-nav\">&rarr;<\/span><\/a><\/p>\n","protected":false},"author":1,"featured_media":0,"parent":0,"menu_order":0,"comment_status":"closed","ping_status":"closed","template":"","meta":{"footnotes":""},"class_list":["post-12","page","type-page","status-publish","hentry"],"_links":{"self":[{"href":"https:\/\/suchdol-nad-odrou.knihovna.info\/index.php?rest_route=\/wp\/v2\/pages\/12","targetHints":{"allow":["GET"]}}],"collection":[{"href":"https:\/\/suchdol-nad-odrou.knihovna.info\/index.php?rest_route=\/wp\/v2\/pages"}],"about":[{"href":"https:\/\/suchdol-nad-odrou.knihovna.info\/index.php?rest_route=\/wp\/v2\/types\/page"}],"author":[{"embeddable":true,"href":"https:\/\/suchdol-nad-odrou.knihovna.info\/index.php?rest_route=\/wp\/v2\/users\/1"}],"replies":[{"embeddable":true,"href":"https:\/\/suchdol-nad-odrou.knihovna.info\/index.php?rest_route=%2Fwp%2Fv2%2Fcomments&post=12"}],"version-history":[{"count":13,"href":"https:\/\/suchdol-nad-odrou.knihovna.info\/index.php?rest_route=\/wp\/v2\/pages\/12\/revisions"}],"predecessor-version":[{"id":132,"href":"https:\/\/suchdol-nad-odrou.knihovna.info\/index.php?rest_route=\/wp\/v2\/pages\/12\/revisions\/132"}],"wp:attachment":[{"href":"https:\/\/suchdol-nad-odrou.knihovna.info\/index.php?rest_route=%2Fwp%2Fv2%2Fmedia&parent=12"}],"curies":[{"name":"wp","href":"https:\/\/api.w.org\/{rel}","templated":true}]}}