
{"id":109,"date":"2014-10-10T08:46:38","date_gmt":"2014-10-10T07:46:38","guid":{"rendered":"http:\/\/suchdol-nad-odrou.knihovna.info\/?page_id=109"},"modified":"2017-01-09T11:25:24","modified_gmt":"2017-01-09T10:25:24","slug":"odkazy","status":"publish","type":"page","link":"https:\/\/suchdol-nad-odrou.knihovna.info\/?page_id=109","title":{"rendered":"Odkazy"},"content":{"rendered":"<p>Knihovna pov\u011b\u0159en\u00e1 v\u00fdkonem region\u00e1ln\u00edch funkc\u00ed &#8211; M\u011bstsk\u00e1 knihovna NOV\u00dd JI\u010c\u00cdN <a href=\"http:\/\/www.knihovnanj.cz\">www.knihovnanj.cz<\/a><\/p>\n<p>N\u00e1rodn\u00ed knihovna \u010cesk\u00e9 republiky\u00a0<a href=\"http:\/\/www.nkp.cz\/\">http:\/\/www.nkp.cz\/<\/a><br \/>\nMoravskoslezsk\u00e1 v\u011bdeck\u00e1 knihovna v Ostrav\u011b\u00a0<a href=\"http:\/\/www.svkos.cz\">http:\/\/www.svkos.cz<\/a> \/<br \/>\nV\u011bdeck\u00e1 knihovna v Olomouci\u00a0<a href=\"http:\/\/www.vkol.cz\/cs\/\">http:\/\/www.vkol.cz\/cs\/<\/a><\/p>\n<p>&nbsp;<\/p>\n<h2>celost\u00e1tn\u00ed knihovnick\u00e9 akce<\/h2>\n<p>SKIP \u010cR <a href=\"http:\/\/www.skipcr.cz\/akce-a-projekty\/akce-skip\/\">http:\/\/www.skipcr.cz\/akce-a-projekty\/akce-skip\/ <\/a><br \/>\nMSVK <a href=\"http:\/\/www.svkos.cz\/kalendar-akci-verejne.php\">http:\/\/www.svkos.cz\/kalendar-akci-verejne.php <\/a><\/p>\n","protected":false},"excerpt":{"rendered":"<p>Knihovna pov\u011b\u0159en\u00e1 v\u00fdkonem region\u00e1ln\u00edch funkc\u00ed &#8211; M\u011bstsk\u00e1 knihovna NOV\u00dd JI\u010c\u00cdN www.knihovnanj.cz N\u00e1rodn\u00ed knihovna \u010cesk\u00e9 republiky\u00a0http:\/\/www.nkp.cz\/ Moravskoslezsk\u00e1 v\u011bdeck\u00e1 knihovna v Ostrav\u011b\u00a0http:\/\/www.svkos.cz \/ V\u011bdeck\u00e1 knihovna v Olomouci\u00a0http:\/\/www.vkol.cz\/cs\/ &nbsp; celost\u00e1tn\u00ed knihovnick\u00e9 akce SKIP \u010cR http:\/\/www.skipcr.cz\/akce-a-projekty\/akce-skip\/ MSVK http:\/\/www.svkos.cz\/kalendar-akci-verejne.php<\/p>\n","protected":false},"author":1,"featured_media":0,"parent":0,"menu_order":0,"comment_status":"closed","ping_status":"open","template":"","meta":{"footnotes":""},"class_list":["post-109","page","type-page","status-publish","hentry"],"_links":{"self":[{"href":"https:\/\/suchdol-nad-odrou.knihovna.info\/index.php?rest_route=\/wp\/v2\/pages\/109","targetHints":{"allow":["GET"]}}],"collection":[{"href":"https:\/\/suchdol-nad-odrou.knihovna.info\/index.php?rest_route=\/wp\/v2\/pages"}],"about":[{"href":"https:\/\/suchdol-nad-odrou.knihovna.info\/index.php?rest_route=\/wp\/v2\/types\/page"}],"author":[{"embeddable":true,"href":"https:\/\/suchdol-nad-odrou.knihovna.info\/index.php?rest_route=\/wp\/v2\/users\/1"}],"replies":[{"embeddable":true,"href":"https:\/\/suchdol-nad-odrou.knihovna.info\/index.php?rest_route=%2Fwp%2Fv2%2Fcomments&post=109"}],"version-history":[{"count":15,"href":"https:\/\/suchdol-nad-odrou.knihovna.info\/index.php?rest_route=\/wp\/v2\/pages\/109\/revisions"}],"predecessor-version":[{"id":148,"href":"https:\/\/suchdol-nad-odrou.knihovna.info\/index.php?rest_route=\/wp\/v2\/pages\/109\/revisions\/148"}],"wp:attachment":[{"href":"https:\/\/suchdol-nad-odrou.knihovna.info\/index.php?rest_route=%2Fwp%2Fv2%2Fmedia&parent=109"}],"curies":[{"name":"wp","href":"https:\/\/api.w.org\/{rel}","templated":true}]}}